{"id":650,"date":"2024-09-26T17:34:48","date_gmt":"2024-09-26T20:34:48","guid":{"rendered":"https:\/\/starmycv.com\/cookie-policy\/"},"modified":"2024-10-04T16:13:55","modified_gmt":"2024-10-04T19:13:55","slug":"cookie-policy","status":"publish","type":"page","link":"https:\/\/starmycv.com\/pt-br\/cookie-policy\/","title":{"rendered":"Pol\u00edtica de Cookies"},"content":{"rendered":"\n<style type=\"text\/css\" data-created_by=\"avia_inline_auto\" id=\"style-css-av-lzpqo-2da68a16b37e3a738db58b1e9473d891\">\n.avia-section.av-lzpqo-2da68a16b37e3a738db58b1e9473d891{\nmargin-top:0px;\nmargin-bottom:0px;\n}\n<\/style>\n<div id='av_section_1'  class='avia-section av-lzpqo-2da68a16b37e3a738db58b1e9473d891 main_color avia-section-no-padding avia-no-border-styling  avia-builder-el-0  el_before_av_section  avia-builder-el-first  legal-logo avia-bg-style-scroll container_wrap fullsize'  ><div class='container av-section-cont-open' ><main  role=\"main\" itemprop=\"mainContentOfPage\"  class='template-page content  av-content-full alpha units'><div class='post-entry post-entry-type-page post-entry-650'><div class='entry-content-wrapper clearfix'>\n\n<style type=\"text\/css\" data-created_by=\"avia_inline_auto\" id=\"style-css-av-hqwyw-988d492238e7ec6d8b0bdecfd8f27ab8\">\n.avia-image-container.av-hqwyw-988d492238e7ec6d8b0bdecfd8f27ab8 img.avia_image{\nbox-shadow:none;\n}\n.avia-image-container.av-hqwyw-988d492238e7ec6d8b0bdecfd8f27ab8 .av-image-caption-overlay-center{\ncolor:#ffffff;\n}\n<\/style>\n<div  class='avia-image-container av-hqwyw-988d492238e7ec6d8b0bdecfd8f27ab8 av-styling- av-img-linked avia-align-left  avia-builder-el-1  avia-builder-el-no-sibling '   itemprop=\"image\" itemscope=\"itemscope\" itemtype=\"https:\/\/schema.org\/ImageObject\" ><div class=\"avia-image-container-inner\"><div class=\"avia-image-overlay-wrap\"><a href=\"https:\/\/starmycv.com\/professionals\/\" class='avia_image '  aria-label='isologo-principal-conMargen'><img decoding=\"async\" fetchpriority=\"high\" class='wp-image-171 avia-img-lazy-loading-not-171 avia_image ' src=\"https:\/\/starmycv.com\/wp-content\/uploads\/isologo-principal-conMargen.svg\" alt='' title='isologo-principal-conMargen'   itemprop=\"thumbnailUrl\"  \/><\/a><\/div><\/div><\/div>\n\n<\/div><\/div><\/main><!-- close content main element --><\/div><\/div><div id='av_section_2'  class='avia-section av-9zjvc-1c9fb14b1da5510f23ae0626a887388e main_color avia-section-default avia-no-border-styling  avia-builder-el-2  el_after_av_section  avia-builder-el-last  legal-pages avia-bg-style-scroll container_wrap fullsize'  ><div class='container av-section-cont-open' ><div class='template-page content  av-content-full alpha units'><div class='post-entry post-entry-type-page post-entry-650'><div class='entry-content-wrapper clearfix'>\n<section  class='av_textblock_section av-m1v3b1us-5d866a157a793a47540a7b2da03465a6 '   itemscope=\"itemscope\" itemtype=\"https:\/\/schema.org\/CreativeWork\" ><div class='avia_textblock'  itemprop=\"text\" ><h1>Pol\u00edtica de Cookies<\/h1>\n<p>\u00daltima Atualiza\u00e7\u00e3o: 2024-10-04<\/p>\n<p>StarmyCV (\u201cn\u00f3s\u201d ou \u201cnosso\u201d) utiliza cookies e tecnologias semelhantes para melhorar e personalizar sua experi\u00eancia em nossa plataforma. Esta Pol\u00edtica de Cookies explica o que s\u00e3o cookies, como os utilizamos e como voc\u00ea pode gerenciar suas prefer\u00eancias de cookies.<\/p>\n<h2>1. O que s\u00e3o Cookies?<\/h2>\n<p>Cookies s\u00e3o pequenos arquivos de texto armazenados em seu dispositivo (computador, smartphone ou tablet) quando voc\u00ea visita um site. Eles permitem que o site reconhe\u00e7a seu dispositivo e armazene informa\u00e7\u00f5es sobre suas prefer\u00eancias ou a\u00e7\u00f5es anteriores.<\/p>\n<h2>2. Tipos de Cookies que Utilizamos<\/h2>\n<p>No StarmyCV, usamos os seguintes tipos de cookies:<\/p>\n<ul>\n<li><strong>Cookies Essenciais<\/strong>: Estes cookies s\u00e3o necess\u00e1rios para o funcionamento adequado do site. Eles permitem funcionalidades b\u00e1sicas, como navega\u00e7\u00e3o nas p\u00e1ginas e acesso a \u00e1reas seguras do site.<\/li>\n<li><strong>Cookies de Desempenho<\/strong>: Estes cookies coletam informa\u00e7\u00f5es sobre como os visitantes usam nosso site, permitindo-nos medir e melhorar seu desempenho. Por exemplo, ajudam a entender quais p\u00e1ginas s\u00e3o mais populares e identificar problemas que os usu\u00e1rios possam encontrar.<\/li>\n<li><strong>Cookies de Funcionalidade<\/strong>: Estes cookies permitem que o site lembre suas escolhas e prefer\u00eancias, como configura\u00e7\u00f5es de idioma, para proporcionar uma experi\u00eancia mais personalizada.<\/li>\n<li><strong>Cookies de Publicidade\/Segmenta\u00e7\u00e3o<\/strong>: Podemos usar esses cookies para exibir an\u00fancios relevantes para voc\u00ea e medir a efic\u00e1cia de nossas campanhas de marketing. Esses cookies tamb\u00e9m podem ser definidos por terceiros para exibir an\u00fancios personalizados em outros sites.<\/li>\n<\/ul>\n<h2>3. Como Usamos os Cookies<\/h2>\n<p>No StarmyCV, usamos cookies para:<\/p>\n<ul>\n<li>Lembrar suas informa\u00e7\u00f5es de login e fornecer acesso seguro \u00e0 sua conta.<\/li>\n<li>Melhorar sua experi\u00eancia lembrando suas prefer\u00eancias.<\/li>\n<li>Analisar o tr\u00e1fego do site e o uso de nossa plataforma.<\/li>\n<li>Exibir an\u00fancios relevantes e medir sua efic\u00e1cia.<\/li>\n<\/ul>\n<h2>4. Cookies de Terceiros<\/h2>\n<p>Podemos permitir que fornecedores de servi\u00e7os de terceiros, como redes de an\u00e1lise ou publicidade, coloquem cookies em seu dispositivo. Esses terceiros podem coletar informa\u00e7\u00f5es sobre suas atividades online ao longo do tempo e em diferentes sites. N\u00e3o controlamos esses cookies, e seu uso est\u00e1 sujeito \u00e0s pol\u00edticas de privacidade desses terceiros.<\/p>\n<h2>5. Gerenciando Suas Prefer\u00eancias de Cookies<\/h2>\n<p>Voc\u00ea tem o direito de aceitar ou recusar cookies. A maioria dos navegadores aceita cookies automaticamente, mas voc\u00ea pode modificar as configura\u00e7\u00f5es do seu navegador para recus\u00e1-los, se preferir. Note que, se desativar cookies, algumas funcionalidades do StarmyCV podem n\u00e3o funcionar corretamente.<\/p>\n<p>Para gerenciar cookies, siga estas etapas com base no seu navegador:<\/p>\n<ul>\n<li><strong>Google Chrome<\/strong>: Configura\u00e7\u00f5es &gt; Privacidade e Seguran\u00e7a &gt; Cookies e outros dados do site.<\/li>\n<li><strong>Mozilla Firefox<\/strong>: Op\u00e7\u00f5es &gt; Privacidade e Seguran\u00e7a &gt; Cookies e Dados do Site.<\/li>\n<li><strong>Safari<\/strong>: Prefer\u00eancias &gt; Privacidade &gt; Gerenciar Dados de Sites.<\/li>\n<li><strong>Microsoft Edge<\/strong>: Configura\u00e7\u00f5es &gt; Permiss\u00f5es do site &gt; Cookies e dados do site.<\/li>\n<\/ul>\n<p>Voc\u00ea tamb\u00e9m pode visitar www.allaboutcookies.org para obter mais informa\u00e7\u00f5es sobre como gerenciar cookies em v\u00e1rios navegadores.<\/p>\n<h2>6. Atualiza\u00e7\u00f5es a esta Pol\u00edtica de Cookies<\/h2>\n<p>Podemos atualizar esta Pol\u00edtica de Cookies periodicamente. Quaisquer altera\u00e7\u00f5es ser\u00e3o publicadas nesta p\u00e1gina e a data da \u201c\u00daltima Atualiza\u00e7\u00e3o\u201d ser\u00e1 revisada. Recomendamos que voc\u00ea reveja esta pol\u00edtica periodicamente para se manter informado sobre o uso de cookies.<\/p>\n<h2>7. Entre em Contato<\/h2>\n<p>Se voc\u00ea tiver alguma d\u00favida sobre esta Pol\u00edtica de Cookies, entre em contato conosco:<\/p>\n<p>Email: contact@starmycv.com<\/p>\n<p>Ao usar o StarmyCV, voc\u00ea consente com o uso de cookies de acordo com esta pol\u00edtica.<\/p>\n<\/div><\/section>\n\n","protected":false},"excerpt":{"rendered":"","protected":false},"author":1,"featured_media":0,"parent":0,"menu_order":0,"comment_status":"closed","ping_status":"closed","template":"","meta":{"footnotes":""},"class_list":["post-650","page","type-page","status-publish","hentry"],"_links":{"self":[{"href":"https:\/\/starmycv.com\/pt-br\/wp-json\/wp\/v2\/pages\/650","targetHints":{"allow":["GET"]}}],"collection":[{"href":"https:\/\/starmycv.com\/pt-br\/wp-json\/wp\/v2\/pages"}],"about":[{"href":"https:\/\/starmycv.com\/pt-br\/wp-json\/wp\/v2\/types\/page"}],"author":[{"embeddable":true,"href":"https:\/\/starmycv.com\/pt-br\/wp-json\/wp\/v2\/users\/1"}],"replies":[{"embeddable":true,"href":"https:\/\/starmycv.com\/pt-br\/wp-json\/wp\/v2\/comments?post=650"}],"version-history":[{"count":3,"href":"https:\/\/starmycv.com\/pt-br\/wp-json\/wp\/v2\/pages\/650\/revisions"}],"predecessor-version":[{"id":657,"href":"https:\/\/starmycv.com\/pt-br\/wp-json\/wp\/v2\/pages\/650\/revisions\/657"}],"wp:attachment":[{"href":"https:\/\/starmycv.com\/pt-br\/wp-json\/wp\/v2\/media?parent=650"}],"curies":[{"name":"wp","href":"https:\/\/api.w.org\/{rel}","templated":true}]}}